{"id":8970,"date":"2022-12-01T18:33:42","date_gmt":"2022-12-01T15:33:42","guid":{"rendered":"https:\/\/cardiomed.md\/?page_id=8970"},"modified":"2022-12-01T18:36:07","modified_gmt":"2022-12-01T15:36:07","slug":"monitorizarea-tensiunii-arteriale-24-de-ore","status":"publish","type":"page","link":"https:\/\/cardiomed.md\/ro\/monitorizarea-tensiunii-arteriale-24-de-ore\/","title":{"rendered":"Monitorizarea tensiunii arteriale 24 de ore."},"content":{"rendered":"\n<p>Monitorizarea tensiunii arteriale la 24 de ore (monitorizarea tensiunii arteriale la 24 de ore) este o metod\u0103 utilizat\u0103 \u00een diagnosticarea hipertensiunii arteriale (hipertensiune) (tensiune arterial\u0103 ridicat\u0103) sau hipotensiunii arteriale (hipotensiune arterial\u0103) (tensiune arterial\u0103 sc\u0103zut\u0103) pentru a prescrie terapia medicamentoas\u0103 \u0219i eficacitatea acesteia.<\/p>\n\n\n\n<pre id=\"tw-target-text\" class=\"wp-block-preformatted\">Monitorizarea tensiunii arteriale 24 de ore ofer\u0103 medicului informa\u021bii despre tensiunea arterial\u0103 zilnic\u0103 \u0219i frecven\u021ba pulsului, precum \u0219i modific\u0103rile \u0219i fluctua\u021biile acestora \u00een timpul zilei, reflect\u00e2nd durata \u0219i gradul de \u00eenc\u0103rcare a presiunii, calcul\u00e2nd gradul de sc\u0103dere nocturn\u0103 \u0219i cre\u0219terea dimine\u021bii a presiunii. . Monitorizarea v\u0103 permite s\u0103 evalua\u021bi r\u0103spunsul tensiunii arteriale la diferite stresuri (fizice \u0219i emo\u021bionale), la medica\u021bie \u0219i s\u0103 identifica\u021bi episoadele de hipertensiune sau hipotensiune arterial\u0103.<\/pre>\n","protected":false},"excerpt":{"rendered":"<p>Monitorizarea tensiunii arteriale la 24 de ore (monitorizarea tensiunii arteriale la 24 de ore) este o metod\u0103 utilizat\u0103 \u00een diagnosticarea<\/p>\n","protected":false},"author":1,"featured_media":0,"parent":0,"menu_order":0,"comment_status":"closed","ping_status":"closed","template":"","meta":{"footnotes":""},"class_list":["post-8970","page","type-page","status-publish","hentry"],"_links":{"self":[{"href":"https:\/\/cardiomed.md\/ro\/wp-json\/wp\/v2\/pages\/8970","targetHints":{"allow":["GET"]}}],"collection":[{"href":"https:\/\/cardiomed.md\/ro\/wp-json\/wp\/v2\/pages"}],"about":[{"href":"https:\/\/cardiomed.md\/ro\/wp-json\/wp\/v2\/types\/page"}],"author":[{"embeddable":true,"href":"https:\/\/cardiomed.md\/ro\/wp-json\/wp\/v2\/users\/1"}],"replies":[{"embeddable":true,"href":"https:\/\/cardiomed.md\/ro\/wp-json\/wp\/v2\/comments?post=8970"}],"version-history":[{"count":1,"href":"https:\/\/cardiomed.md\/ro\/wp-json\/wp\/v2\/pages\/8970\/revisions"}],"predecessor-version":[{"id":8971,"href":"https:\/\/cardiomed.md\/ro\/wp-json\/wp\/v2\/pages\/8970\/revisions\/8971"}],"wp:attachment":[{"href":"https:\/\/cardiomed.md\/ro\/wp-json\/wp\/v2\/media?parent=8970"}],"curies":[{"name":"wp","href":"https:\/\/api.w.org\/{rel}","templated":true}]}}